{"id":1730,"date":"2024-01-17T09:30:40","date_gmt":"2024-01-17T09:30:40","guid":{"rendered":"https:\/\/agbatalha.pt\/portal\/?page_id=1730"},"modified":"2025-12-30T21:15:15","modified_gmt":"2025-12-30T21:15:15","slug":"escolas","status":"publish","type":"page","link":"https:\/\/agbatalha.pt\/portal\/escolas\/","title":{"rendered":"Escolas"},"content":{"rendered":"\t\t<div data-elementor-type=\"wp-page\" data-elementor-id=\"1730\" class=\"elementor elementor-1730\">\n\t\t\t\t<div class=\"elementor-element elementor-element-776d67d e-flex e-con-boxed wpr-particle-no wpr-jarallax-no wpr-parallax-no wpr-sticky-section-no e-con e-parent\" data-id=\"776d67d\" data-element_type=\"container\" data-e-type=\"container\">\n\t\t\t\t\t<div class=\"e-con-inner\">\n\t\t\t\t<div class=\"elementor-element elementor-element-8a92514 elementor-widget elementor-widget-image\" data-id=\"8a92514\" data-element_type=\"widget\" data-e-type=\"widget\" data-widget_type=\"image.default\">\n\t\t\t\t<div class=\"elementor-widget-container\">\n\t\t\t\t\t\t\t\t\t\t\t\t\t\t\t<img fetchpriority=\"high\" decoding=\"async\" width=\"705\" height=\"572\" src=\"https:\/\/agbatalha.pt\/portal\/wp-content\/uploads\/2025\/05\/Mapa_Escolas_Agrupamento_2.jpg\" class=\"attachment-large size-large wp-image-2147\" alt=\"\" srcset=\"https:\/\/agbatalha.pt\/portal\/wp-content\/uploads\/2025\/05\/Mapa_Escolas_Agrupamento_2.jpg 705w, https:\/\/agbatalha.pt\/portal\/wp-content\/uploads\/2025\/05\/Mapa_Escolas_Agrupamento_2-300x243.jpg 300w\" sizes=\"(max-width: 705px) 100vw, 705px\" \/>\t\t\t\t\t\t\t\t\t\t\t\t\t\t\t<\/div>\n\t\t\t\t<\/div>\n\t\t\t\t<div class=\"elementor-element elementor-element-369fd8e elementor-widget elementor-widget-text-editor\" data-id=\"369fd8e\" data-element_type=\"widget\" data-e-type=\"widget\" data-widget_type=\"text-editor.default\">\n\t\t\t\t<div class=\"elementor-widget-container\">\n\t\t\t\t\t\t\t\t\t<p><strong>| Escola B\u00e1sica e Secund\u00e1ria da Batalha (1\u00ba, 2\u00ba, 3\u00ba CEB e Secund\u00e1rio)<\/strong><br \/>Sede do Agrupamento de Escolas da Batalha<br \/>Rua da Freiria \u2013 Batalha<br \/>&#8211; <strong><a href=\"https:\/\/maps.app.goo.gl\/p27fU1j8paiXSJWg9\">clique para dire\u00e7\u00f5es Google Maps\u00a0\u00a0<\/a><\/strong><\/p><p><strong>| Escola B\u00e1sica da Batalha &#8211; Centro Escolar da Batalha (Pr\u00e9-Escolar e 1\u00ba CEB)<\/strong><br \/>Rua da Cerca Conventual, 301<br \/>Batalha<br \/>&#8211; <strong><a href=\"https:\/\/maps.app.goo.gl\/d6hBZWBD9FynNduK8\">clique para dire\u00e7\u00f5es Google Maps\u00a0\u00a0<\/a><\/strong><\/p><p><strong>| Escola B\u00e1sica de S\u00e3o Mamede &#8211; Centro Escolar de S\u00e3o Mamede (Pr\u00e9-Escolar e 1\u00ba CEB)<\/strong><br \/>Travessa do Centro Escolar, 62 \u2013 S\u00e3o Mamede<br \/>Batalha<br \/>&#8211; <strong><a href=\"https:\/\/maps.app.goo.gl\/wvPZgi3KP497NHCB7\">clique para dire\u00e7\u00f5es Google Maps\u00a0\u00a0<\/a><\/strong><\/p><p><strong>| Escola B\u00e1sica do Reguengo do Fetal \u2013 Centro Escolar (1\u00ba CEB)<\/strong><br \/>Padre Jos\u00e9 Vieira de Oliveira &#8211; Reguengo do Fetal<br \/>Batalha<br \/><strong>&#8211; <a href=\"https:\/\/maps.app.goo.gl\/PkPoGW8SBiRbsrF1A\">clique para dire\u00e7\u00f5es Google Maps\u00a0\u00a0<\/a><\/strong><\/p><p><strong>| Escola B\u00e1sica da Faniqueira (Pr\u00e9-Escolar e 1\u00ba CEB)<\/strong><br \/>Rua das Escolas, n\u00ba4 \u2013 Faniqueira<br \/>Batalha<br \/><strong>&#8211; <a href=\"https:\/\/maps.app.goo.gl\/Q6Y1YkaoBw2qCVeD8\">clique para dire\u00e7\u00f5es Google Maps\u00a0\u00a0<\/a><\/strong><\/p><p><strong>| Escola B\u00e1sica de Casais dos Ledos (Pr\u00e9-Escolar e 1\u00ba CEB)<\/strong><br \/>Rua Principal &#8211; Casais dos Ledos<br \/>Batalha<br \/><strong>&#8211; <a href=\"https:\/\/maps.app.goo.gl\/ksyxwJJWz8bpzAiC9\">clique para dire\u00e7\u00f5es Google Maps\u00a0\u00a0<\/a><\/strong><\/p><p><strong>| Escola B\u00e1sica da Rebolaria (Pr\u00e9-Escolar e 1\u00ba CEB)<\/strong><br \/>Rua da Escola, n.\u00ba 2 \u2013 Rebolaria<br \/>Batalha<br \/><strong>&#8211; <a href=\"https:\/\/maps.app.goo.gl\/R9Kwta9rNJar6J147\">clique para dire\u00e7\u00f5es Google Maps\u00a0\u00a0<\/a><\/strong><\/p><p><strong>| Escola B\u00e1sica da Quinta do Sobrado (Pr\u00e9-Escolar e 1\u00ba CEB)<\/strong><br \/>Travessa da Escola, n.\u00ba 9 &#8211; Quinta Sobrado<br \/>Batalha<br \/><strong>&#8211; <a href=\"https:\/\/maps.app.goo.gl\/cu8t2pC9sowugdfcA\">clique para dire\u00e7\u00f5es Google Maps\u00a0\u00a0<\/a><\/strong><\/p><p><strong>| Escola B\u00e1sica de Brancas (1\u00ba CEB)<\/strong><br \/>Rua da Escola, n\u00ba9 \u2013 Brancas<br \/>Batalha<br \/><strong>&#8211; <a href=\"https:\/\/maps.app.goo.gl\/d1i4QEq5G6xqCCNd9\">clique para dire\u00e7\u00f5es Google Maps\u00a0\u00a0<\/a><\/strong><\/p><p><strong>| Escola B\u00e1sica da Golpilheira (1\u00ba CEB)<\/strong><br \/>Rua do Pa\u00e7o, n\u00ba75 \u2013 Golpilheira<br \/>Batalha<br \/><strong>&#8211; <a href=\"https:\/\/maps.app.goo.gl\/3JqERT6s9bAT2Jq3A\">clique para dire\u00e7\u00f5es Google Maps\u00a0\u00a0<\/a><\/strong><\/p><p><strong>| Jardim de Inf\u00e2ncia da Torre (Pr\u00e9-escolar)<\/strong><br \/>Estrada de S\u00e3o Jo\u00e3o \u2013 Torre<br \/>Batalha<br \/><strong>&#8211; <a href=\"https:\/\/maps.app.goo.gl\/sfzbSoukMMndqXvG9\">clique para dire\u00e7\u00f5es Google Maps\u00a0\u00a0<\/a><\/strong><\/p><p><strong>| Jardim de Inf\u00e2ncia da Golpilheira (Pr\u00e9-escolar)<\/strong><br \/>Rua Padre Dr. Joaquim Coelho Pereira \u2013 Golpilheira<br \/>Batalha<br \/><strong><a href=\"https:\/\/maps.app.goo.gl\/sfzbSoukMMndqXvG9\">&#8211; clique para dire\u00e7\u00f5es Google Maps\u00a0\u00a0<\/a><\/strong><\/p>\t\t\t\t\t\t\t\t<\/div>\n\t\t\t\t<\/div>\n\t\t\t\t\t<\/div>\n\t\t\t\t<\/div>\n\t\t\t\t<\/div>\n\t\t","protected":false},"excerpt":{"rendered":"<p>| Escola B\u00e1sica e Secund\u00e1ria da Batalha (1\u00ba, 2\u00ba, 3\u00ba CEB e Secund\u00e1rio)Sede do Agrupamento de Escolas da BatalhaRua da Freiria \u2013 Batalha&#8211; clique para dire\u00e7\u00f5es Google Maps\u00a0\u00a0 | Escola B\u00e1sica da Batalha &#8211; Centro Escolar da Batalha (Pr\u00e9-Escolar e 1\u00ba CEB)Rua da Cerca Conventual, 301Batalha&#8211; clique para dire\u00e7\u00f5es Google Maps\u00a0\u00a0 | Escola B\u00e1sica de S\u00e3o Mamede &#8211; Centro Escolar de S\u00e3o Mamede (Pr\u00e9-Escolar e 1\u00ba CEB)Travessa do Centro Escolar, 62 \u2013 S\u00e3o MamedeBatalha&#8211; clique para dire\u00e7\u00f5es Google Maps\u00a0\u00a0 | Escola B\u00e1sica do Reguengo do Fetal \u2013 Centro Escolar (1\u00ba CEB)Padre Jos\u00e9 Vieira de Oliveira &#8211; Reguengo do FetalBatalha&#8211; clique para dire\u00e7\u00f5es Google Maps\u00a0\u00a0 | Escola B\u00e1sica da Faniqueira (Pr\u00e9-Escolar e 1\u00ba CEB)Rua das Escolas, n\u00ba4 \u2013 FaniqueiraBatalha&#8211; clique para dire\u00e7\u00f5es Google Maps\u00a0\u00a0 | Escola B\u00e1sica de Casais dos Ledos (Pr\u00e9-Escolar e 1\u00ba CEB)Rua Principal &#8211; Casais dos LedosBatalha&#8211; clique para dire\u00e7\u00f5es Google Maps\u00a0\u00a0 | Escola B\u00e1sica da Rebolaria (Pr\u00e9-Escolar e 1\u00ba CEB)Rua da Escola, n.\u00ba 2 \u2013 RebolariaBatalha&#8211; clique para dire\u00e7\u00f5es Google Maps\u00a0\u00a0 | Escola B\u00e1sica da Quinta do Sobrado (Pr\u00e9-Escolar e 1\u00ba CEB)Travessa da Escola, n.\u00ba 9 &#8211; Quinta SobradoBatalha&#8211; clique para dire\u00e7\u00f5es Google Maps\u00a0\u00a0 | Escola B\u00e1sica de Brancas (1\u00ba CEB)Rua da Escola, n\u00ba9 \u2013 BrancasBatalha&#8211; clique para dire\u00e7\u00f5es Google Maps\u00a0\u00a0 | Escola B\u00e1sica da Golpilheira (1\u00ba CEB)Rua do Pa\u00e7o, n\u00ba75 \u2013 GolpilheiraBatalha&#8211; clique para dire\u00e7\u00f5es Google Maps\u00a0\u00a0 | Jardim de Inf\u00e2ncia da Torre (Pr\u00e9-escolar)Estrada de S\u00e3o Jo\u00e3o \u2013 TorreBatalha&#8211; clique para dire\u00e7\u00f5es Google Maps\u00a0\u00a0 | Jardim de Inf\u00e2ncia da Golpilheira (Pr\u00e9-escolar)Rua Padre Dr. Joaquim Coelho Pereira \u2013 GolpilheiraBatalha&#8211; clique para dire\u00e7\u00f5es Google Maps\u00a0\u00a0<\/p>\n","protected":false},"author":2,"featured_media":0,"parent":0,"menu_order":0,"comment_status":"closed","ping_status":"open","template":"","meta":{"footnotes":""},"class_list":["post-1730","page","type-page","status-publish","hentry"],"_links":{"self":[{"href":"https:\/\/agbatalha.pt\/portal\/wp-json\/wp\/v2\/pages\/1730","targetHints":{"allow":["GET"]}}],"collection":[{"href":"https:\/\/agbatalha.pt\/portal\/wp-json\/wp\/v2\/pages"}],"about":[{"href":"https:\/\/agbatalha.pt\/portal\/wp-json\/wp\/v2\/types\/page"}],"author":[{"embeddable":true,"href":"https:\/\/agbatalha.pt\/portal\/wp-json\/wp\/v2\/users\/2"}],"replies":[{"embeddable":true,"href":"https:\/\/agbatalha.pt\/portal\/wp-json\/wp\/v2\/comments?post=1730"}],"version-history":[{"count":7,"href":"https:\/\/agbatalha.pt\/portal\/wp-json\/wp\/v2\/pages\/1730\/revisions"}],"predecessor-version":[{"id":2886,"href":"https:\/\/agbatalha.pt\/portal\/wp-json\/wp\/v2\/pages\/1730\/revisions\/2886"}],"wp:attachment":[{"href":"https:\/\/agbatalha.pt\/portal\/wp-json\/wp\/v2\/media?parent=1730"}],"curies":[{"name":"wp","href":"https:\/\/api.w.org\/{rel}","templated":true}]}}