{"id":1731,"date":"2024-01-17T09:30:40","date_gmt":"2024-01-17T09:30:40","guid":{"rendered":"https:\/\/agbatalha.pt\/portal\/?page_id=1731"},"modified":"2026-04-27T14:31:54","modified_gmt":"2026-04-27T14:31:54","slug":"servicos","status":"publish","type":"page","link":"https:\/\/agbatalha.pt\/portal\/servicos\/","title":{"rendered":"Servi\u00e7os"},"content":{"rendered":"\t\t<div data-elementor-type=\"wp-page\" data-elementor-id=\"1731\" class=\"elementor elementor-1731\">\n\t\t\t\t<div class=\"elementor-element elementor-element-f371ddd e-flex e-con-boxed wpr-particle-no wpr-jarallax-no wpr-parallax-no wpr-sticky-section-no e-con e-parent\" data-id=\"f371ddd\" data-element_type=\"container\" data-e-type=\"container\">\n\t\t\t\t\t<div class=\"e-con-inner\">\n\t\t\t\t<div class=\"elementor-element elementor-element-3149853 elementor-widget elementor-widget-text-editor\" data-id=\"3149853\" data-element_type=\"widget\" data-e-type=\"widget\" data-widget_type=\"text-editor.default\">\n\t\t\t\t<div class=\"elementor-widget-container\">\n\t\t\t\t\t\t\t\t\t<p><strong>SERVI\u00c7OS DE ADMINISTRA\u00c7\u00c3O ESCOLAR&nbsp;<\/strong><br>Contacto &#8211;&nbsp;244 769 290<br>email:&nbsp;<span id=\"cloak6efbca18f6a6c2645a4c789bd4ff8ebb\"><a href=\"mailto:secretariasec.batalha@gmail.com\">secretariasec.batalha@gmail.com<\/a><\/span><br>Segunda-feira, ter\u00e7a-feira, quinta-feira e sexta-feira<br>9h00 -17h00&nbsp;&nbsp;<br>Quarta-feira<br>9h00-12h00<\/p>\n<p><b>Papelaria<br><\/b>Segunda-feira a sexta-feira<br>9h00 &#8211; 17h00<\/p>\n<p><strong>REPROGRAFIA\/PAPELARIA<\/strong><br>Segunda-feira a sexta-feira<br>9h00 &#8211; 12h00 e 14h00-17h00<br>Consultar pre\u00e7\u00e1rio da Reprografia\/Papelaria | <strong><span style=\"color: #993300;\"><a style=\"color: #993300;\" href=\"https:\/\/agbatalha.pt\/portal\/wp-content\/uploads\/2026\/04\/Precario_ServicosReprografia.pdf\">consultar<\/a><\/span><\/strong> |<\/p>\n<p><strong>BAR \/ BUFETE<\/strong><br>Segunda-feira a sexta-feira<br>9h15 &#8211; 11h45 e 14h15 &#8211; 16h30<br>Consultar pre\u00e7\u00e1rio do Bar\/Buffet | <strong><span style=\"color: #993300;\"><a style=\"color: #993300;\" href=\"https:\/\/agbatalha.pt\/portal\/wp-content\/uploads\/2026\/04\/PRECARIO-BUFETE.pdf\">consultar<\/a><\/span><\/strong> |<\/p>\n<p><strong>REFEIT\u00d3RIO<\/strong><br>Segunda-feira a sexta-feira<br>12h00 &#8211; 14h30<br><em>(cada aluno\/turma tem um hor\u00e1rio pr\u00f3prio para admiss\u00e3o ao refeit\u00f3rio)<\/em><\/p>\n<p><strong>BIBLIOTECA<\/strong><br>Segunda-feira a sexta-feira<br>9h00 -17h00<\/p>\t\t\t\t\t\t\t\t<\/div>\n\t\t\t\t<\/div>\n\t\t\t\t\t<\/div>\n\t\t\t\t<\/div>\n\t\t\t\t<\/div>\n\t\t","protected":false},"excerpt":{"rendered":"<p>SERVI\u00c7OS DE ADMINISTRA\u00c7\u00c3O ESCOLAR&nbsp;Contacto &#8211;&nbsp;244 769 290email:&nbsp;secretariasec.batalha@gmail.comSegunda-feira, ter\u00e7a-feira, quinta-feira e sexta-feira9h00 -17h00&nbsp;&nbsp;Quarta-feira9h00-12h00 PapelariaSegunda-feira a sexta-feira9h00 &#8211; 17h00 REPROGRAFIA\/PAPELARIASegunda-feira a sexta-feira9h00 &#8211; 12h00 e 14h00-17h00Consultar pre\u00e7\u00e1rio da Reprografia\/Papelaria | consultar | BAR \/ BUFETESegunda-feira a sexta-feira9h15 &#8211; 11h45 e 14h15 &#8211; 16h30Consultar pre\u00e7\u00e1rio do Bar\/Buffet | consultar | REFEIT\u00d3RIOSegunda-feira a sexta-feira12h00 &#8211; 14h30(cada aluno\/turma tem um hor\u00e1rio pr\u00f3prio para admiss\u00e3o ao refeit\u00f3rio) BIBLIOTECASegunda-feira a sexta-feira9h00 -17h00<\/p>\n","protected":false},"author":2,"featured_media":0,"parent":0,"menu_order":0,"comment_status":"closed","ping_status":"open","template":"","meta":{"footnotes":""},"class_list":["post-1731","page","type-page","status-publish","hentry"],"_links":{"self":[{"href":"https:\/\/agbatalha.pt\/portal\/wp-json\/wp\/v2\/pages\/1731","targetHints":{"allow":["GET"]}}],"collection":[{"href":"https:\/\/agbatalha.pt\/portal\/wp-json\/wp\/v2\/pages"}],"about":[{"href":"https:\/\/agbatalha.pt\/portal\/wp-json\/wp\/v2\/types\/page"}],"author":[{"embeddable":true,"href":"https:\/\/agbatalha.pt\/portal\/wp-json\/wp\/v2\/users\/2"}],"replies":[{"embeddable":true,"href":"https:\/\/agbatalha.pt\/portal\/wp-json\/wp\/v2\/comments?post=1731"}],"version-history":[{"count":22,"href":"https:\/\/agbatalha.pt\/portal\/wp-json\/wp\/v2\/pages\/1731\/revisions"}],"predecessor-version":[{"id":3512,"href":"https:\/\/agbatalha.pt\/portal\/wp-json\/wp\/v2\/pages\/1731\/revisions\/3512"}],"wp:attachment":[{"href":"https:\/\/agbatalha.pt\/portal\/wp-json\/wp\/v2\/media?parent=1731"}],"curies":[{"name":"wp","href":"https:\/\/api.w.org\/{rel}","templated":true}]}}