{"id":1778,"date":"2024-01-17T09:53:03","date_gmt":"2024-01-17T09:53:03","guid":{"rendered":"https:\/\/agbatalha.pt\/portal\/?page_id=1778"},"modified":"2025-08-27T10:38:52","modified_gmt":"2025-08-27T10:38:52","slug":"basico","status":"publish","type":"page","link":"https:\/\/agbatalha.pt\/portal\/basico\/","title":{"rendered":"ENSINO B\u00c1SICO"},"content":{"rendered":"\t\t<div data-elementor-type=\"wp-page\" data-elementor-id=\"1778\" class=\"elementor elementor-1778\">\n\t\t\t\t\t\t<section class=\"elementor-section elementor-top-section elementor-element elementor-element-5184b804 elementor-section-boxed elementor-section-height-default elementor-section-height-default wpr-particle-no wpr-jarallax-no wpr-parallax-no wpr-sticky-section-no\" data-id=\"5184b804\" data-element_type=\"section\" data-e-type=\"section\" data-settings=\"{&quot;background_background&quot;:&quot;classic&quot;}\">\n\t\t\t\t\t\t\t<div class=\"elementor-background-overlay\"><\/div>\n\t\t\t\t\t\t\t<div class=\"elementor-container elementor-column-gap-default\">\n\t\t\t\t\t<div class=\"elementor-column elementor-col-100 elementor-top-column elementor-element elementor-element-75eba981\" data-id=\"75eba981\" data-element_type=\"column\" data-e-type=\"column\">\n\t\t\t<div class=\"elementor-widget-wrap elementor-element-populated\">\n\t\t\t\t\t\t<div class=\"elementor-element elementor-element-585f61fe elementor-widget elementor-widget-heading\" data-id=\"585f61fe\" data-element_type=\"widget\" data-e-type=\"widget\" data-widget_type=\"heading.default\">\n\t\t\t\t<div class=\"elementor-widget-container\">\n\t\t\t\t\t<h2 class=\"elementor-heading-title elementor-size-default\">ENSINO B\u00c1SICO<\/h2>\t\t\t\t<\/div>\n\t\t\t\t<\/div>\n\t\t\t\t\t<\/div>\n\t\t<\/div>\n\t\t\t\t\t<\/div>\n\t\t<\/section>\n\t\t<div class=\"elementor-element elementor-element-6ce4b84 e-flex e-con-boxed wpr-particle-no wpr-jarallax-no wpr-parallax-no wpr-sticky-section-no e-con e-parent\" data-id=\"6ce4b84\" data-element_type=\"container\" data-e-type=\"container\">\n\t\t\t\t\t<div class=\"e-con-inner\">\n\t\t\t\t<div class=\"elementor-element elementor-element-37ab61b elementor-widget elementor-widget-text-editor\" data-id=\"37ab61b\" data-element_type=\"widget\" data-e-type=\"widget\" data-widget_type=\"text-editor.default\">\n\t\t\t\t<div class=\"elementor-widget-container\">\n\t\t\t\t\t\t\t\t\t<p>\u00a0<\/p><p>\u00a0<\/p><p><em>O ENSINO B\u00c1SICO visa assegurar uma forma\u00e7\u00e3o geral comum a todos os alunos, proporcionando a aquisi\u00e7\u00e3o dos conhecimentos basilares que permitam o prosseguimento de estudos.\u00a0<\/em>(<a href=\"https:\/\/www.dge.mec.pt\/ensino-basico\">https:\/\/www.dge.mec.pt\/ensino-basico<\/a>)<\/p><p><strong>|\u00a0LISTA DE ESCOLAS DO AGRUPAMENTO COM 1\u00ba CICLO, 2\u00ba CICLO E 3\u00ba CICLO\u00a0|<\/strong><\/p><p><strong>| Escola B\u00e1sica e Secund\u00e1ria da Batalha (1\u00ba, 2\u00ba, 3\u00ba CEB e Secund\u00e1rio)<\/strong><br \/>Sede do Agrupamento de Escolas da Batalha<br \/>Rua da Freiria \u2013 Batalha<\/p><p><strong>| Escola B\u00e1sica da Batalha &#8211; Centro Escolar da Batalha (Pr\u00e9-Escolar e 1\u00ba CEB)<\/strong><br \/>Rua da Cerca Conventual, 301<br \/>Batalha<\/p><p><strong>| Escola B\u00e1sica de S\u00e3o Mamede &#8211; Centro Escolar de S\u00e3o Mamede (Pr\u00e9-Escolar e 1\u00ba CEB)<\/strong><br \/>Travessa do Centro Escolar, 62 \u2013 S\u00e3o Mamede<br \/>Batalha<\/p><p><strong>| Escola B\u00e1sica do Reguengo do Fetal \u2013 Centro Escolar (1\u00ba CEB)<\/strong><br \/>Padre Jos\u00e9 Carreira de Oliveira &#8211; Reguengo do Fetal<br \/>Batalha<\/p><p><strong>| Escola B\u00e1sica da Faniqueira (Pr\u00e9-Escolar e 1\u00ba CEB)<\/strong><br \/>Rua das Escolas, n\u00ba4 \u2013 Faniqueira<br \/>Batalha<\/p><p><strong>| Escola B\u00e1sica de Casais dos Ledos (Pr\u00e9-Escolar e 1\u00ba CEB)<\/strong><br \/>Rua Principal &#8211; Casais dos Ledos<br \/>Batalha<\/p><p><strong>| Escola B\u00e1sica da Rebolaria (Pr\u00e9-Escolar e 1\u00ba CEB)<\/strong><br \/>Rua da Escola, n.\u00ba 2 \u2013 Rebolaria<br \/>Batalha<\/p><p><strong>| Escola B\u00e1sica da Quinta do Sobrado (Pr\u00e9-Escolar e 1\u00ba CEB)<\/strong><br \/>Travessa da Escola, n.\u00ba 9 &#8211; Quinta Sobrado<br \/>Batalha<\/p><p><strong>| Escola B\u00e1sica de Brancas (1\u00ba CEB)<\/strong><br \/>Rua da Escola, n\u00ba9 \u2013 Brancas<br \/>Batalha<\/p><p><strong>| Escola B\u00e1sica da Golpilheira (1\u00ba CEB)<\/strong><br \/>Rua do Pa\u00e7o, n\u00ba75 \u2013 Golpilheira<br \/>Batalha<\/p>\t\t\t\t\t\t\t\t<\/div>\n\t\t\t\t<\/div>\n\t\t\t\t\t<\/div>\n\t\t\t\t<\/div>\n\t\t\t\t<\/div>\n\t\t","protected":false},"excerpt":{"rendered":"<p>ENSINO B\u00c1SICO \u00a0 \u00a0 O ENSINO B\u00c1SICO visa assegurar uma forma\u00e7\u00e3o geral comum a todos os alunos, proporcionando a aquisi\u00e7\u00e3o dos conhecimentos basilares que permitam o prosseguimento de estudos.\u00a0(https:\/\/www.dge.mec.pt\/ensino-basico) |\u00a0LISTA DE ESCOLAS DO AGRUPAMENTO COM 1\u00ba CICLO, 2\u00ba CICLO E 3\u00ba CICLO\u00a0| | Escola B\u00e1sica e Secund\u00e1ria da Batalha (1\u00ba, 2\u00ba, 3\u00ba CEB e Secund\u00e1rio)Sede do Agrupamento de Escolas da BatalhaRua da Freiria \u2013 Batalha | Escola B\u00e1sica da Batalha &#8211; Centro Escolar da Batalha (Pr\u00e9-Escolar e 1\u00ba CEB)Rua da Cerca Conventual, 301Batalha | Escola B\u00e1sica de S\u00e3o Mamede &#8211; Centro Escolar de S\u00e3o Mamede (Pr\u00e9-Escolar e 1\u00ba CEB)Travessa do Centro Escolar, 62 \u2013 S\u00e3o MamedeBatalha | Escola B\u00e1sica do Reguengo do Fetal \u2013 Centro Escolar (1\u00ba CEB)Padre Jos\u00e9 Carreira de Oliveira &#8211; Reguengo do FetalBatalha | Escola B\u00e1sica da Faniqueira (Pr\u00e9-Escolar e 1\u00ba CEB)Rua das Escolas, n\u00ba4 \u2013 FaniqueiraBatalha | Escola B\u00e1sica de Casais dos Ledos (Pr\u00e9-Escolar e 1\u00ba CEB)Rua Principal &#8211; Casais dos LedosBatalha | Escola B\u00e1sica da Rebolaria (Pr\u00e9-Escolar e 1\u00ba CEB)Rua da Escola, n.\u00ba 2 \u2013 RebolariaBatalha | Escola B\u00e1sica da Quinta do Sobrado (Pr\u00e9-Escolar e 1\u00ba CEB)Travessa da Escola, n.\u00ba 9 &#8211; Quinta SobradoBatalha | Escola B\u00e1sica de Brancas (1\u00ba CEB)Rua da Escola, n\u00ba9 \u2013 BrancasBatalha | Escola B\u00e1sica da Golpilheira (1\u00ba CEB)Rua do Pa\u00e7o, n\u00ba75 \u2013 GolpilheiraBatalha<\/p>\n","protected":false},"author":2,"featured_media":0,"parent":0,"menu_order":0,"comment_status":"closed","ping_status":"open","template":"","meta":{"footnotes":""},"class_list":["post-1778","page","type-page","status-publish","hentry"],"_links":{"self":[{"href":"https:\/\/agbatalha.pt\/portal\/wp-json\/wp\/v2\/pages\/1778","targetHints":{"allow":["GET"]}}],"collection":[{"href":"https:\/\/agbatalha.pt\/portal\/wp-json\/wp\/v2\/pages"}],"about":[{"href":"https:\/\/agbatalha.pt\/portal\/wp-json\/wp\/v2\/types\/page"}],"author":[{"embeddable":true,"href":"https:\/\/agbatalha.pt\/portal\/wp-json\/wp\/v2\/users\/2"}],"replies":[{"embeddable":true,"href":"https:\/\/agbatalha.pt\/portal\/wp-json\/wp\/v2\/comments?post=1778"}],"version-history":[{"count":22,"href":"https:\/\/agbatalha.pt\/portal\/wp-json\/wp\/v2\/pages\/1778\/revisions"}],"predecessor-version":[{"id":2252,"href":"https:\/\/agbatalha.pt\/portal\/wp-json\/wp\/v2\/pages\/1778\/revisions\/2252"}],"wp:attachment":[{"href":"https:\/\/agbatalha.pt\/portal\/wp-json\/wp\/v2\/media?parent=1778"}],"curies":[{"name":"wp","href":"https:\/\/api.w.org\/{rel}","templated":true}]}}