{"id":1781,"date":"2024-01-17T09:53:03","date_gmt":"2024-01-17T09:53:03","guid":{"rendered":"https:\/\/agbatalha.pt\/portal\/?page_id=1781"},"modified":"2025-08-27T10:49:02","modified_gmt":"2025-08-27T10:49:02","slug":"sec-cientifico-humanisticos","status":"publish","type":"page","link":"https:\/\/agbatalha.pt\/portal\/sec-cientifico-humanisticos\/","title":{"rendered":"SEC Cientifico Humanisticos"},"content":{"rendered":"\t\t<div data-elementor-type=\"wp-page\" data-elementor-id=\"1781\" class=\"elementor elementor-1781\">\n\t\t\t\t\t\t<section class=\"elementor-section elementor-top-section elementor-element elementor-element-252b542c elementor-section-boxed elementor-section-height-default elementor-section-height-default wpr-particle-no wpr-jarallax-no wpr-parallax-no wpr-sticky-section-no\" data-id=\"252b542c\" data-element_type=\"section\" data-e-type=\"section\" data-settings=\"{&quot;background_background&quot;:&quot;classic&quot;}\">\n\t\t\t\t\t\t\t<div class=\"elementor-background-overlay\"><\/div>\n\t\t\t\t\t\t\t<div class=\"elementor-container elementor-column-gap-default\">\n\t\t\t\t\t<div class=\"elementor-column elementor-col-100 elementor-top-column elementor-element elementor-element-4866ea00\" data-id=\"4866ea00\" data-element_type=\"column\" data-e-type=\"column\">\n\t\t\t<div class=\"elementor-widget-wrap elementor-element-populated\">\n\t\t\t\t\t\t<div class=\"elementor-element elementor-element-252d3f68 elementor-widget elementor-widget-heading\" data-id=\"252d3f68\" data-element_type=\"widget\" data-e-type=\"widget\" data-widget_type=\"heading.default\">\n\t\t\t\t<div class=\"elementor-widget-container\">\n\t\t\t\t\t<h2 class=\"elementor-heading-title elementor-size-default\">CURSOS CIENT\u00cdFICO-HUMAN\u00cdSTICOS<\/h2>\t\t\t\t<\/div>\n\t\t\t\t<\/div>\n\t\t\t\t\t<\/div>\n\t\t<\/div>\n\t\t\t\t\t<\/div>\n\t\t<\/section>\n\t\t<div class=\"elementor-element elementor-element-48dece8 e-flex e-con-boxed wpr-particle-no wpr-jarallax-no wpr-parallax-no wpr-sticky-section-no e-con e-parent\" data-id=\"48dece8\" data-element_type=\"container\" data-e-type=\"container\">\n\t\t\t\t\t<div class=\"e-con-inner\">\n\t\t\t\t<div class=\"elementor-element elementor-element-1b93a6e elementor-widget elementor-widget-text-editor\" data-id=\"1b93a6e\" data-element_type=\"widget\" data-e-type=\"widget\" data-widget_type=\"text-editor.default\">\n\t\t\t\t<div class=\"elementor-widget-container\">\n\t\t\t\t\t\t\t\t\t<div class=\"field field--name-body field--type-text-with-summary field--label-hidden\"><div class=\"field__items\"><div class=\"field__item even\"><p class=\"rtejustify\">\u00a0<\/p><p class=\"rtejustify\">Os cursos cientifico-human\u00edsticos constituem uma oferta educativa vocacionada para o prosseguimento de estudos de n\u00edvel superior (universit\u00e1rio ou polit\u00e9cnico). Destinam-se a alunos que tenham conclu\u00eddo o 9.\u00ba ano de escolaridade ou equivalente. T\u00eam a dura\u00e7\u00e3o de 3 anos letivos, correspondentes aos 10.\u00ba, 11.\u00ba e 12.\u00ba anos de escolaridade.<br \/>Conferem um diploma de conclus\u00e3o do Ensino Secund\u00e1rio (12\u00ba ano), bem como o n\u00edvel 3 de qualifica\u00e7\u00e3o do Quadro Nacional de Qualifica\u00e7\u00f5es (QNQ).<\/p><p class=\"rtejustify\">\u00a0<\/p><p><strong>Atualmente o Agrupamento de Escolas da Batalha temcomo oferta educativa os seguintes Cursos Cient\u00edfico-Human\u00edsticos:<br \/><\/strong>| Curso de Ci\u00eancias e Tecnologias<br \/>| Curso de Ci\u00eancias Socioecon\u00f3micas<br \/>| Curso de L\u00ednguas e Humanidades<br \/>| Curso de Artes Visuais<\/p><p>Mais informa\u00e7\u00f5es em\u00a0<a href=\"https:\/\/www.dge.mec.pt\/cursos-cientifico-humanisticos-cch\">https:\/\/www.dge.mec.pt\/cursos-cientifico-humanisticos-cch<\/a><\/p><p>\u00a0<\/p><\/div><\/div><\/div><p><strong>|\u00a0LISTA DE ESCOLAS DO AGRUPAMENTO COM ENSINO SECUND\u00c1RIO CIENT\u00cdFICO-HUMAN\u00cdSTICO\u00a0|<\/strong><\/p><p><strong>| Escola B\u00e1sica e Secund\u00e1ria da Batalha (1\u00ba, 2\u00ba, 3\u00ba CEB e Secund\u00e1rio)<\/strong><br \/>Sede do Agrupamento de Escolas da Batalha<br \/>Rua da Freiria \u2013 Batalha<\/p>\t\t\t\t\t\t\t\t<\/div>\n\t\t\t\t<\/div>\n\t\t\t\t\t<\/div>\n\t\t\t\t<\/div>\n\t\t\t\t<\/div>\n\t\t","protected":false},"excerpt":{"rendered":"<p>CURSOS CIENT\u00cdFICO-HUMAN\u00cdSTICOS \u00a0 Os cursos cientifico-human\u00edsticos constituem uma oferta educativa vocacionada para o prosseguimento de estudos de n\u00edvel superior (universit\u00e1rio ou polit\u00e9cnico). Destinam-se a alunos que tenham conclu\u00eddo o 9.\u00ba ano de escolaridade ou equivalente. T\u00eam a dura\u00e7\u00e3o de 3 anos letivos, correspondentes aos 10.\u00ba, 11.\u00ba e 12.\u00ba anos de escolaridade.Conferem um diploma de conclus\u00e3o do Ensino Secund\u00e1rio (12\u00ba ano), bem como o n\u00edvel 3 de qualifica\u00e7\u00e3o do Quadro Nacional de Qualifica\u00e7\u00f5es (QNQ). \u00a0 Atualmente o Agrupamento de Escolas da Batalha temcomo oferta educativa os seguintes Cursos Cient\u00edfico-Human\u00edsticos:| Curso de Ci\u00eancias e Tecnologias| Curso de Ci\u00eancias Socioecon\u00f3micas| Curso de L\u00ednguas e Humanidades| Curso de Artes Visuais Mais informa\u00e7\u00f5es em\u00a0https:\/\/www.dge.mec.pt\/cursos-cientifico-humanisticos-cch \u00a0 |\u00a0LISTA DE ESCOLAS DO AGRUPAMENTO COM ENSINO SECUND\u00c1RIO CIENT\u00cdFICO-HUMAN\u00cdSTICO\u00a0| | Escola B\u00e1sica e Secund\u00e1ria da Batalha (1\u00ba, 2\u00ba, 3\u00ba CEB e Secund\u00e1rio)Sede do Agrupamento de Escolas da BatalhaRua da Freiria \u2013 Batalha<\/p>\n","protected":false},"author":2,"featured_media":0,"parent":0,"menu_order":0,"comment_status":"closed","ping_status":"open","template":"","meta":{"footnotes":""},"class_list":["post-1781","page","type-page","status-publish","hentry"],"_links":{"self":[{"href":"https:\/\/agbatalha.pt\/portal\/wp-json\/wp\/v2\/pages\/1781","targetHints":{"allow":["GET"]}}],"collection":[{"href":"https:\/\/agbatalha.pt\/portal\/wp-json\/wp\/v2\/pages"}],"about":[{"href":"https:\/\/agbatalha.pt\/portal\/wp-json\/wp\/v2\/types\/page"}],"author":[{"embeddable":true,"href":"https:\/\/agbatalha.pt\/portal\/wp-json\/wp\/v2\/users\/2"}],"replies":[{"embeddable":true,"href":"https:\/\/agbatalha.pt\/portal\/wp-json\/wp\/v2\/comments?post=1781"}],"version-history":[{"count":4,"href":"https:\/\/agbatalha.pt\/portal\/wp-json\/wp\/v2\/pages\/1781\/revisions"}],"predecessor-version":[{"id":2257,"href":"https:\/\/agbatalha.pt\/portal\/wp-json\/wp\/v2\/pages\/1781\/revisions\/2257"}],"wp:attachment":[{"href":"https:\/\/agbatalha.pt\/portal\/wp-json\/wp\/v2\/media?parent=1781"}],"curies":[{"name":"wp","href":"https:\/\/api.w.org\/{rel}","templated":true}]}}