{"id":1866,"date":"2024-01-17T10:20:06","date_gmt":"2024-01-17T10:20:06","guid":{"rendered":"https:\/\/agbatalha.pt\/portal\/?page_id=1866"},"modified":"2026-01-14T19:15:54","modified_gmt":"2026-01-14T19:15:54","slug":"carregamento-de-cartoes","status":"publish","type":"page","link":"https:\/\/agbatalha.pt\/portal\/carregamento-de-cartoes\/","title":{"rendered":"Carregamento de cart\u00f5es"},"content":{"rendered":"\t\t<div data-elementor-type=\"wp-page\" data-elementor-id=\"1866\" class=\"elementor elementor-1866\">\n\t\t\t\t<div class=\"elementor-element elementor-element-8be9821 e-flex e-con-boxed wpr-particle-no wpr-jarallax-no wpr-parallax-no wpr-sticky-section-no e-con e-parent\" data-id=\"8be9821\" data-element_type=\"container\" data-e-type=\"container\">\n\t\t\t\t\t<div class=\"e-con-inner\">\n\t\t\t\t<div class=\"elementor-element elementor-element-b26f36b elementor-widget elementor-widget-image\" data-id=\"b26f36b\" data-element_type=\"widget\" data-e-type=\"widget\" data-widget_type=\"image.default\">\n\t\t\t\t<div class=\"elementor-widget-container\">\n\t\t\t\t\t\t\t\t\t\t\t\t\t\t\t<img fetchpriority=\"high\" decoding=\"async\" width=\"960\" height=\"960\" src=\"https:\/\/agbatalha.pt\/portal\/wp-content\/uploads\/2025\/05\/MAWAY_ProcedimentosCarregamentosTaxa-Utente-1024x1024.png\" class=\"attachment-large size-large wp-image-2167\" alt=\"\" srcset=\"https:\/\/agbatalha.pt\/portal\/wp-content\/uploads\/2025\/05\/MAWAY_ProcedimentosCarregamentosTaxa-Utente-1024x1024.png 1024w, https:\/\/agbatalha.pt\/portal\/wp-content\/uploads\/2025\/05\/MAWAY_ProcedimentosCarregamentosTaxa-Utente-300x300.png 300w, https:\/\/agbatalha.pt\/portal\/wp-content\/uploads\/2025\/05\/MAWAY_ProcedimentosCarregamentosTaxa-Utente-150x150.png 150w, https:\/\/agbatalha.pt\/portal\/wp-content\/uploads\/2025\/05\/MAWAY_ProcedimentosCarregamentosTaxa-Utente-768x768.png 768w, https:\/\/agbatalha.pt\/portal\/wp-content\/uploads\/2025\/05\/MAWAY_ProcedimentosCarregamentosTaxa-Utente-1536x1536.png 1536w, https:\/\/agbatalha.pt\/portal\/wp-content\/uploads\/2025\/05\/MAWAY_ProcedimentosCarregamentosTaxa-Utente-2048x2048.png 2048w\" sizes=\"(max-width: 960px) 100vw, 960px\" \/>\t\t\t\t\t\t\t\t\t\t\t\t\t\t\t<\/div>\n\t\t\t\t<\/div>\n\t\t\t\t<div class=\"elementor-element elementor-element-8f592b1 elementor-widget elementor-widget-text-editor\" data-id=\"8f592b1\" data-element_type=\"widget\" data-e-type=\"widget\" data-widget_type=\"text-editor.default\">\n\t\t\t\t<div class=\"elementor-widget-container\">\n\t\t\t\t\t\t\t\t\t<p>O servi\u00e7o de carregamentos eletr\u00f3nicos dos cart\u00f5es dos(as) alunos(as) da escola-sede, designado MAWAY, est\u00e1 dispon\u00edvel para os(as) encarregados(a) de educa\u00e7\u00e3o do Agrupamento de Escolas da Batalha. O sistema, de f\u00e1cil utiliza\u00e7\u00e3o, funciona associado ao GIAE online e requer um registo inicial. A partir da\u00ed os(as) encarregados(as) de educa\u00e7\u00e3o podem, sempre que necessitarem, proceder ao carregamento dos cart\u00f5es dos seus\/suas educandos(as), evitando, desta forma que levem dinheiro para a escola ou que tenham de aguardar em filas, na papelaria, para fazerem o carregamento de cart\u00f5es.<br \/>O servi\u00e7o tem um pequeno custo de gest\u00e3o associado, correspondente a 4% do montante carregado, com um valor m\u00ednimo de 0,60\u20ac. Esse valor ser\u00e1 \u201cdescontado\u201d ao montante do carregamento, ou seja, por exemplo, num carregamento de 10\u20ac, ser\u00e3o descontados 0,60\u20ac, ficando dispon\u00edveis no cart\u00e3o do(a) aluno(a) 9,40\u20ac.<\/p><p>MAWAY: uma forma r\u00e1pida, c\u00f3moda e segura de carregar o saldo do cart\u00e3o do(a) seu\/sua educando(a).<\/p><p>Veja aqui\u00a0 dois documentos de apoio para carregamento do cart\u00e3o:<\/p><p>Guia de utiliza\u00e7\u00e3o |<a href=\"https:\/\/agbatalha.pt\/portal\/wp-content\/uploads\/2025\/05\/MAWAY_Guia_Utilizacao_Cliente1.pdf\">descarregar<\/a>|<\/p><p>Folheto informativo |<a href=\"https:\/\/agbatalha.pt\/portal\/wp-content\/uploads\/2025\/05\/MAWAY_CLIENTE_Folheto_Informativo_PagamentosDigitais.pdf\">descarregar<\/a>|<\/p><p>*nota: os cart\u00f5es podem ser carregados no servi\u00e7o de Papelaria da Escola sede sem pagamento de qualquer taxa.<\/p>\t\t\t\t\t\t\t\t<\/div>\n\t\t\t\t<\/div>\n\t\t\t\t\t<\/div>\n\t\t\t\t<\/div>\n\t\t<div class=\"elementor-element elementor-element-3281412 e-flex e-con-boxed wpr-particle-no wpr-jarallax-no wpr-parallax-no wpr-sticky-section-no e-con e-parent\" data-id=\"3281412\" data-element_type=\"container\" data-e-type=\"container\">\n\t\t\t\t\t<div class=\"e-con-inner\">\n\t\t\t\t\t<\/div>\n\t\t\t\t<\/div>\n\t\t\t\t<\/div>\n\t\t","protected":false},"excerpt":{"rendered":"<p>O servi\u00e7o de carregamentos eletr\u00f3nicos dos cart\u00f5es dos(as) alunos(as) da escola-sede, designado MAWAY, est\u00e1 dispon\u00edvel para os(as) encarregados(a) de educa\u00e7\u00e3o do Agrupamento de Escolas da Batalha. O sistema, de f\u00e1cil utiliza\u00e7\u00e3o, funciona associado ao GIAE online e requer um registo inicial. A partir da\u00ed os(as) encarregados(as) de educa\u00e7\u00e3o podem, sempre que necessitarem, proceder ao carregamento dos cart\u00f5es dos seus\/suas educandos(as), evitando, desta forma que levem dinheiro para a escola ou que tenham de aguardar em filas, na papelaria, para fazerem o carregamento de cart\u00f5es.O servi\u00e7o tem um pequeno custo de gest\u00e3o associado, correspondente a 4% do montante carregado, com um valor m\u00ednimo de 0,60\u20ac. Esse valor ser\u00e1 \u201cdescontado\u201d ao montante do carregamento, ou seja, por exemplo, num carregamento de 10\u20ac, ser\u00e3o descontados 0,60\u20ac, ficando dispon\u00edveis no cart\u00e3o do(a) aluno(a) 9,40\u20ac. MAWAY: uma forma r\u00e1pida, c\u00f3moda e segura de carregar o saldo do cart\u00e3o do(a) seu\/sua educando(a). Veja aqui\u00a0 dois documentos de apoio para carregamento do cart\u00e3o: Guia de utiliza\u00e7\u00e3o |descarregar| Folheto informativo |descarregar| *nota: os cart\u00f5es podem ser carregados no servi\u00e7o de Papelaria da Escola sede sem pagamento de qualquer taxa.<\/p>\n","protected":false},"author":2,"featured_media":0,"parent":0,"menu_order":0,"comment_status":"closed","ping_status":"open","template":"","meta":{"footnotes":""},"class_list":["post-1866","page","type-page","status-publish","hentry"],"_links":{"self":[{"href":"https:\/\/agbatalha.pt\/portal\/wp-json\/wp\/v2\/pages\/1866","targetHints":{"allow":["GET"]}}],"collection":[{"href":"https:\/\/agbatalha.pt\/portal\/wp-json\/wp\/v2\/pages"}],"about":[{"href":"https:\/\/agbatalha.pt\/portal\/wp-json\/wp\/v2\/types\/page"}],"author":[{"embeddable":true,"href":"https:\/\/agbatalha.pt\/portal\/wp-json\/wp\/v2\/users\/2"}],"replies":[{"embeddable":true,"href":"https:\/\/agbatalha.pt\/portal\/wp-json\/wp\/v2\/comments?post=1866"}],"version-history":[{"count":13,"href":"https:\/\/agbatalha.pt\/portal\/wp-json\/wp\/v2\/pages\/1866\/revisions"}],"predecessor-version":[{"id":3147,"href":"https:\/\/agbatalha.pt\/portal\/wp-json\/wp\/v2\/pages\/1866\/revisions\/3147"}],"wp:attachment":[{"href":"https:\/\/agbatalha.pt\/portal\/wp-json\/wp\/v2\/media?parent=1866"}],"curies":[{"name":"wp","href":"https:\/\/api.w.org\/{rel}","templated":true}]}}