{"id":2912,"date":"2025-12-30T22:48:01","date_gmt":"2025-12-30T22:48:01","guid":{"rendered":"https:\/\/agbatalha.pt\/portal\/?page_id=2912"},"modified":"2025-12-30T22:49:15","modified_gmt":"2025-12-30T22:49:15","slug":"etwinning-school","status":"publish","type":"page","link":"https:\/\/agbatalha.pt\/portal\/etwinning-school\/","title":{"rendered":"Etwinning School"},"content":{"rendered":"\t\t<div data-elementor-type=\"wp-page\" data-elementor-id=\"2912\" class=\"elementor elementor-2912\">\n\t\t\t\t<div class=\"elementor-element elementor-element-9eb3310 e-flex e-con-boxed wpr-particle-no wpr-jarallax-no wpr-parallax-no wpr-sticky-section-no e-con e-parent\" data-id=\"9eb3310\" data-element_type=\"container\" data-e-type=\"container\">\n\t\t\t\t\t<div class=\"e-con-inner\">\n\t\t\t\t<div class=\"elementor-element elementor-element-3bdd864 elementor-widget elementor-widget-image\" data-id=\"3bdd864\" data-element_type=\"widget\" data-e-type=\"widget\" data-widget_type=\"image.default\">\n\t\t\t\t<div class=\"elementor-widget-container\">\n\t\t\t\t\t\t\t\t\t\t\t\t\t\t\t<img fetchpriority=\"high\" decoding=\"async\" width=\"320\" height=\"349\" src=\"https:\/\/agbatalha.pt\/portal\/wp-content\/uploads\/2025\/12\/etw-school_highlights1_Mobile.png\" class=\"attachment-large size-large wp-image-2914\" alt=\"\" srcset=\"https:\/\/agbatalha.pt\/portal\/wp-content\/uploads\/2025\/12\/etw-school_highlights1_Mobile.png 320w, https:\/\/agbatalha.pt\/portal\/wp-content\/uploads\/2025\/12\/etw-school_highlights1_Mobile-275x300.png 275w\" sizes=\"(max-width: 320px) 100vw, 320px\" \/>\t\t\t\t\t\t\t\t\t\t\t\t\t\t\t<\/div>\n\t\t\t\t<\/div>\n\t\t\t\t\t<\/div>\n\t\t\t\t<\/div>\n\t\t<div class=\"elementor-element elementor-element-045ca6a e-flex e-con-boxed wpr-particle-no wpr-jarallax-no wpr-parallax-no wpr-sticky-section-no e-con e-parent\" data-id=\"045ca6a\" data-element_type=\"container\" data-e-type=\"container\">\n\t\t\t\t\t<div class=\"e-con-inner\">\n\t\t\t\t<div class=\"elementor-element elementor-element-4f2cfb5 elementor-widget elementor-widget-text-editor\" data-id=\"4f2cfb5\" data-element_type=\"widget\" data-e-type=\"widget\" data-widget_type=\"text-editor.default\">\n\t\t\t\t<div class=\"elementor-widget-container\">\n\t\t\t\t\t\t\t\t\t<p>O eTwinning \u00e9 a comunidade de escolas da Uni\u00e3o Europeia na qual o AEB se integra, desenvolvendo uma a\u00e7\u00e3o do Programa Erasmus+. Tem como principal objetivo a cria\u00e7\u00e3o de redes de trabalho colaborativo, com recurso \u00e0s TIC, aprofundando o esp\u00edrito de cidadania europeia. Atrav\u00e9s de uma plataforma, os profissionais da educa\u00e7\u00e3o (educadores de inf\u00e2ncia, professores, diretores, bibliotec\u00e1rios) podem comunicar, colaborar, desenvolver projetos e partilhar, ser uma parte da mais estimulante comunidade de aprendizagem na Europa. Participar em f\u00f3runs, criar exerc\u00edcios comuns relacionados com o curriculum, publicar gloss\u00e1rios t\u00e9cnicos, criar bases de dados, elaborar podcasts (em formato xml), produzir e publicar online filmes sobre a cultura de cada regi\u00e3o s\u00e3o exemplos de algumas atividades a desenvolver.<\/p><p>O Agrupamento de Escolas da Batalha tem uma longa tradi\u00e7\u00e3o nesta comunidade, com diversos pr\u00e9mios\/selos de qualidade ao longo destes anos. Alunos desde o Pr\u00e9-escolar ao 12\u00ba ano participam em projetos com in\u00fameros pa\u00edses europeus com projetos desafiadores e motivadores para as aprendizagens. Foi por isso\u00a0reconhecido como Escola Europeia. \u201cO reconhecimento de Selo de Escola eTwinning \u00e9 sin\u00f3nimo de grande prest\u00edgio para o estabelecimento de ensino que o recebe, por comprovar o trabalho de excel\u00eancia que est\u00e1 a ser desenvolvido pelos docentes ao n\u00edvel de diferentes \u00e1reas:<\/p><div><div class=\"\" dir=\"auto\"><div id=\"jsc_c_z\" class=\"ecm0bbzt hv4rvrfc ihqw7lf3 dati1w0a\" data-ad-comet-preview=\"message\" data-ad-preview=\"message\"><div class=\"j83agx80 cbu4d94t ew0dbk1b irj2b8pg\"><div class=\"qzhwtbm6 knvmm38d\"><div class=\"o9v6fnle cxmmr5t8 oygrvhab hcukyx3x c1et5uql ii04i59q\"><div dir=\"auto\">\u2022 pr\u00e1ticas digitais;<\/div><div dir=\"auto\">\u2022 pr\u00e1ticas de eSafety;<\/div><div dir=\"auto\">\u2022 abordagens inovadoras e criativas \u00e0 pedagogia;<\/div><div dir=\"auto\">\u2022 promo\u00e7\u00e3o cont\u00ednua do desenvolvimento profissional;<\/div><div dir=\"auto\">\u2022 promo\u00e7\u00e3o de pr\u00e1ticas de ensino colaborativas entre docentes e alunos.\u201d<\/div><\/div><div class=\"o9v6fnle cxmmr5t8 oygrvhab hcukyx3x c1et5uql ii04i59q\"><div dir=\"auto\">\u00a0<\/div><\/div><\/div><\/div><\/div><\/div><\/div>\t\t\t\t\t\t\t\t<\/div>\n\t\t\t\t<\/div>\n\t\t\t\t\t<\/div>\n\t\t\t\t<\/div>\n\t\t\t\t<\/div>\n\t\t","protected":false},"excerpt":{"rendered":"<p>O eTwinning \u00e9 a comunidade de escolas da Uni\u00e3o Europeia na qual o AEB se integra, desenvolvendo uma a\u00e7\u00e3o do Programa Erasmus+. Tem como principal objetivo a cria\u00e7\u00e3o de redes de trabalho colaborativo, com recurso \u00e0s TIC, aprofundando o esp\u00edrito de cidadania europeia. Atrav\u00e9s de uma plataforma, os profissionais da educa\u00e7\u00e3o (educadores de inf\u00e2ncia, professores, diretores, bibliotec\u00e1rios) podem comunicar, colaborar, desenvolver projetos e partilhar, ser uma parte da mais estimulante comunidade de aprendizagem na Europa. Participar em f\u00f3runs, criar exerc\u00edcios comuns relacionados com o curriculum, publicar gloss\u00e1rios t\u00e9cnicos, criar bases de dados, elaborar podcasts (em formato xml), produzir e publicar online filmes sobre a cultura de cada regi\u00e3o s\u00e3o exemplos de algumas atividades a desenvolver. O Agrupamento de Escolas da Batalha tem uma longa tradi\u00e7\u00e3o nesta comunidade, com diversos pr\u00e9mios\/selos de qualidade ao longo destes anos. Alunos desde o Pr\u00e9-escolar ao 12\u00ba ano participam em projetos com in\u00fameros pa\u00edses europeus com projetos desafiadores e motivadores para as aprendizagens. Foi por isso\u00a0reconhecido como Escola Europeia. \u201cO reconhecimento de Selo de Escola eTwinning \u00e9 sin\u00f3nimo de grande prest\u00edgio para o estabelecimento de ensino que o recebe, por comprovar o trabalho de excel\u00eancia que est\u00e1 a ser desenvolvido pelos docentes ao n\u00edvel de diferentes \u00e1reas: \u2022 pr\u00e1ticas digitais;\u2022 pr\u00e1ticas de eSafety;\u2022 abordagens inovadoras e criativas \u00e0 pedagogia;\u2022 promo\u00e7\u00e3o cont\u00ednua do desenvolvimento profissional;\u2022 promo\u00e7\u00e3o de pr\u00e1ticas de ensino colaborativas entre docentes e alunos.\u201d\u00a0<\/p>\n","protected":false},"author":2,"featured_media":0,"parent":0,"menu_order":0,"comment_status":"closed","ping_status":"closed","template":"","meta":{"footnotes":""},"class_list":["post-2912","page","type-page","status-publish","hentry"],"_links":{"self":[{"href":"https:\/\/agbatalha.pt\/portal\/wp-json\/wp\/v2\/pages\/2912","targetHints":{"allow":["GET"]}}],"collection":[{"href":"https:\/\/agbatalha.pt\/portal\/wp-json\/wp\/v2\/pages"}],"about":[{"href":"https:\/\/agbatalha.pt\/portal\/wp-json\/wp\/v2\/types\/page"}],"author":[{"embeddable":true,"href":"https:\/\/agbatalha.pt\/portal\/wp-json\/wp\/v2\/users\/2"}],"replies":[{"embeddable":true,"href":"https:\/\/agbatalha.pt\/portal\/wp-json\/wp\/v2\/comments?post=2912"}],"version-history":[{"count":4,"href":"https:\/\/agbatalha.pt\/portal\/wp-json\/wp\/v2\/pages\/2912\/revisions"}],"predecessor-version":[{"id":2917,"href":"https:\/\/agbatalha.pt\/portal\/wp-json\/wp\/v2\/pages\/2912\/revisions\/2917"}],"wp:attachment":[{"href":"https:\/\/agbatalha.pt\/portal\/wp-json\/wp\/v2\/media?parent=2912"}],"curies":[{"name":"wp","href":"https:\/\/api.w.org\/{rel}","templated":true}]}}