{"id":2963,"date":"2025-12-30T23:14:28","date_gmt":"2025-12-30T23:14:28","guid":{"rendered":"https:\/\/agbatalha.pt\/portal\/?page_id=2963"},"modified":"2025-12-30T23:15:41","modified_gmt":"2025-12-30T23:15:41","slug":"like-saude","status":"publish","type":"page","link":"https:\/\/agbatalha.pt\/portal\/like-saude\/","title":{"rendered":"Like Sa\u00fade"},"content":{"rendered":"\t\t<div data-elementor-type=\"wp-page\" data-elementor-id=\"2963\" class=\"elementor elementor-2963\">\n\t\t\t\t<div class=\"elementor-element elementor-element-045ca6a e-flex e-con-boxed wpr-particle-no wpr-jarallax-no wpr-parallax-no wpr-sticky-section-no e-con e-parent\" data-id=\"045ca6a\" data-element_type=\"container\" data-e-type=\"container\">\n\t\t\t\t\t<div class=\"e-con-inner\">\n\t\t<div class=\"elementor-element elementor-element-3b24691 e-con-full e-flex wpr-particle-no wpr-jarallax-no wpr-parallax-no wpr-sticky-section-no e-con e-child\" data-id=\"3b24691\" data-element_type=\"container\" data-e-type=\"container\">\n\t\t<div class=\"elementor-element elementor-element-8514cc2 e-con-full e-flex wpr-particle-no wpr-jarallax-no wpr-parallax-no wpr-sticky-section-no e-con e-child\" data-id=\"8514cc2\" data-element_type=\"container\" data-e-type=\"container\">\n\t\t\t\t<div class=\"elementor-element elementor-element-d98647d elementor-widget elementor-widget-image\" data-id=\"d98647d\" data-element_type=\"widget\" data-e-type=\"widget\" data-widget_type=\"image.default\">\n\t\t\t\t<div class=\"elementor-widget-container\">\n\t\t\t\t\t\t\t\t\t\t\t\t\t\t\t<img fetchpriority=\"high\" decoding=\"async\" width=\"320\" height=\"320\" src=\"https:\/\/agbatalha.pt\/portal\/wp-content\/uploads\/2025\/12\/like_saude_parceiros.png\" class=\"attachment-large size-large wp-image-2965\" alt=\"\" srcset=\"https:\/\/agbatalha.pt\/portal\/wp-content\/uploads\/2025\/12\/like_saude_parceiros.png 320w, https:\/\/agbatalha.pt\/portal\/wp-content\/uploads\/2025\/12\/like_saude_parceiros-300x300.png 300w, https:\/\/agbatalha.pt\/portal\/wp-content\/uploads\/2025\/12\/like_saude_parceiros-150x150.png 150w\" sizes=\"(max-width: 320px) 100vw, 320px\" \/>\t\t\t\t\t\t\t\t\t\t\t\t\t\t\t<\/div>\n\t\t\t\t<\/div>\n\t\t\t\t<\/div>\n\t\t<div class=\"elementor-element elementor-element-c131d4a e-con-full e-flex wpr-particle-no wpr-jarallax-no wpr-parallax-no wpr-sticky-section-no e-con e-child\" data-id=\"c131d4a\" data-element_type=\"container\" data-e-type=\"container\">\n\t\t\t\t<div class=\"elementor-element elementor-element-a85ba02 elementor-widget elementor-widget-image\" data-id=\"a85ba02\" data-element_type=\"widget\" data-e-type=\"widget\" data-widget_type=\"image.default\">\n\t\t\t\t<div class=\"elementor-widget-container\">\n\t\t\t\t\t\t\t\t\t\t\t\t\t\t\t<img decoding=\"async\" width=\"960\" height=\"720\" src=\"https:\/\/agbatalha.pt\/portal\/wp-content\/uploads\/2025\/12\/60986947_2239208266186857_7929323120991666176_o-1024x768.jpg\" class=\"attachment-large size-large wp-image-2966\" alt=\"\" srcset=\"https:\/\/agbatalha.pt\/portal\/wp-content\/uploads\/2025\/12\/60986947_2239208266186857_7929323120991666176_o-1024x768.jpg 1024w, https:\/\/agbatalha.pt\/portal\/wp-content\/uploads\/2025\/12\/60986947_2239208266186857_7929323120991666176_o-300x225.jpg 300w, https:\/\/agbatalha.pt\/portal\/wp-content\/uploads\/2025\/12\/60986947_2239208266186857_7929323120991666176_o-768x576.jpg 768w, https:\/\/agbatalha.pt\/portal\/wp-content\/uploads\/2025\/12\/60986947_2239208266186857_7929323120991666176_o-1536x1152.jpg 1536w, https:\/\/agbatalha.pt\/portal\/wp-content\/uploads\/2025\/12\/60986947_2239208266186857_7929323120991666176_o.jpg 2016w\" sizes=\"(max-width: 960px) 100vw, 960px\" \/>\t\t\t\t\t\t\t\t\t\t\t\t\t\t\t<\/div>\n\t\t\t\t<\/div>\n\t\t\t\t<\/div>\n\t\t\t\t<\/div>\n\t\t\t\t<div class=\"elementor-element elementor-element-4f2cfb5 elementor-widget elementor-widget-text-editor\" data-id=\"4f2cfb5\" data-element_type=\"widget\" data-e-type=\"widget\" data-widget_type=\"text-editor.default\">\n\t\t\t\t<div class=\"elementor-widget-container\">\n\t\t\t\t\t\t\t\t\t<p>O recurso \u00e0 educa\u00e7\u00e3o pelos pares em temas t\u00e3o delicados como aproxima\u00e7\u00f5es abusivas, hipersexualiza\u00e7\u00e3o ou sexting torna-se muito pertinente j\u00e1 que diminui o distanciamento ou a dificuldade de di\u00e1logo que existe, muitas vezes, com os professores. Este programa pode potenciar comportamentos saud\u00e1veis entre os jovens, por\u00e9m, ter\u00e1 que haver prepara\u00e7\u00e3o das tem\u00e1ticas e sess\u00f5es de treino para as interven\u00e7\u00f5es se tornarem mais eficazes e cred\u00edveis.<\/p><p>O Programa Like Sa\u00fade consiste num conjunto de a\u00e7\u00f5es que visam prevenir comportamentos aditivos e depend\u00eancias entre os jovens, no sentido de garantir que est\u00e3o informados sobre os perigos do consumo de drogas, \u00e1lcool, tabaco e rela\u00e7\u00f5es sexuais desprotegidas. Para a sua implementa\u00e7\u00e3o nas escolas foi constitu\u00edda uma rede de parceiros que tem desempenhado um papel muito ativo no desenvolvimento de a\u00e7\u00f5es com alunos e comunidade educativa.<\/p><p>O programa promove uma estrat\u00e9gia de atua\u00e7\u00e3o junto dos jovens, pais, professores e comunidade em geral, no sentido de prevenir comportamentos de risco, e resulta da parceria do Munic\u00edpio da Batalha com o AEB, GNR, Centro de Compet\u00eancia Entre Mar e Serra e Administra\u00e7\u00e3o Regional de Sa\u00fade do Centro\/Unidade de Sa\u00fade Familiar Condest\u00e1vel-Batalha.<\/p>\t\t\t\t\t\t\t\t<\/div>\n\t\t\t\t<\/div>\n\t\t\t\t\t<\/div>\n\t\t\t\t<\/div>\n\t\t\t\t<\/div>\n\t\t","protected":false},"excerpt":{"rendered":"<p>O recurso \u00e0 educa\u00e7\u00e3o pelos pares em temas t\u00e3o delicados como aproxima\u00e7\u00f5es abusivas, hipersexualiza\u00e7\u00e3o ou sexting torna-se muito pertinente j\u00e1 que diminui o distanciamento ou a dificuldade de di\u00e1logo que existe, muitas vezes, com os professores. Este programa pode potenciar comportamentos saud\u00e1veis entre os jovens, por\u00e9m, ter\u00e1 que haver prepara\u00e7\u00e3o das tem\u00e1ticas e sess\u00f5es de treino para as interven\u00e7\u00f5es se tornarem mais eficazes e cred\u00edveis. O Programa Like Sa\u00fade consiste num conjunto de a\u00e7\u00f5es que visam prevenir comportamentos aditivos e depend\u00eancias entre os jovens, no sentido de garantir que est\u00e3o informados sobre os perigos do consumo de drogas, \u00e1lcool, tabaco e rela\u00e7\u00f5es sexuais desprotegidas. Para a sua implementa\u00e7\u00e3o nas escolas foi constitu\u00edda uma rede de parceiros que tem desempenhado um papel muito ativo no desenvolvimento de a\u00e7\u00f5es com alunos e comunidade educativa. O programa promove uma estrat\u00e9gia de atua\u00e7\u00e3o junto dos jovens, pais, professores e comunidade em geral, no sentido de prevenir comportamentos de risco, e resulta da parceria do Munic\u00edpio da Batalha com o AEB, GNR, Centro de Compet\u00eancia Entre Mar e Serra e Administra\u00e7\u00e3o Regional de Sa\u00fade do Centro\/Unidade de Sa\u00fade Familiar Condest\u00e1vel-Batalha.<\/p>\n","protected":false},"author":2,"featured_media":0,"parent":0,"menu_order":0,"comment_status":"closed","ping_status":"closed","template":"","meta":{"footnotes":""},"class_list":["post-2963","page","type-page","status-publish","hentry"],"_links":{"self":[{"href":"https:\/\/agbatalha.pt\/portal\/wp-json\/wp\/v2\/pages\/2963","targetHints":{"allow":["GET"]}}],"collection":[{"href":"https:\/\/agbatalha.pt\/portal\/wp-json\/wp\/v2\/pages"}],"about":[{"href":"https:\/\/agbatalha.pt\/portal\/wp-json\/wp\/v2\/types\/page"}],"author":[{"embeddable":true,"href":"https:\/\/agbatalha.pt\/portal\/wp-json\/wp\/v2\/users\/2"}],"replies":[{"embeddable":true,"href":"https:\/\/agbatalha.pt\/portal\/wp-json\/wp\/v2\/comments?post=2963"}],"version-history":[{"count":4,"href":"https:\/\/agbatalha.pt\/portal\/wp-json\/wp\/v2\/pages\/2963\/revisions"}],"predecessor-version":[{"id":2969,"href":"https:\/\/agbatalha.pt\/portal\/wp-json\/wp\/v2\/pages\/2963\/revisions\/2969"}],"wp:attachment":[{"href":"https:\/\/agbatalha.pt\/portal\/wp-json\/wp\/v2\/media?parent=2963"}],"curies":[{"name":"wp","href":"https:\/\/api.w.org\/{rel}","templated":true}]}}